{"id":148,"date":"2024-08-19T06:22:01","date_gmt":"2024-08-19T06:22:01","guid":{"rendered":"https:\/\/kiangroup.co.com\/?page_id=148"},"modified":"2024-08-21T09:36:18","modified_gmt":"2024-08-21T09:36:18","slug":"about-us","status":"publish","type":"page","link":"https:\/\/kiangroup.co.com\/en\/about-us\/","title":{"rendered":"About us"},"content":{"rendered":"\t\t<div data-elementor-type=\"wp-page\" data-elementor-id=\"148\" class=\"elementor elementor-148\" data-elementor-post-type=\"page\">\n\t\t\t\t<div class=\"elementor-element elementor-element-5e0e6b5 elementor-hidden-mobile e-flex e-con-boxed e-con e-parent\" data-id=\"5e0e6b5\" data-element_type=\"container\" data-settings=\"{&quot;background_background&quot;:&quot;classic&quot;}\">\n\t\t\t\t\t<div class=\"e-con-inner\">\n\t\t\t\t\t<\/div>\n\t\t\t\t<\/div>\n\t\t<div class=\"elementor-element elementor-element-438566d e-flex e-con-boxed e-con e-parent\" data-id=\"438566d\" data-element_type=\"container\" data-settings=\"{&quot;background_background&quot;:&quot;classic&quot;}\">\n\t\t\t\t\t<div class=\"e-con-inner\">\n\t\t\t\t<div class=\"elementor-element elementor-element-beb747a elementor-widget elementor-widget-heading\" data-id=\"beb747a\" data-element_type=\"widget\" data-widget_type=\"heading.default\">\n\t\t\t\t<div class=\"elementor-widget-container\">\n\t\t\t\t\t<h2 class=\"elementor-heading-title elementor-size-default\">About us <\/h2>\t\t\t\t<\/div>\n\t\t\t\t<\/div>\n\t\t\t\t<div class=\"elementor-element elementor-element-af7c39b elementor-widget elementor-widget-text-editor\" data-id=\"af7c39b\" data-element_type=\"widget\" data-widget_type=\"text-editor.default\">\n\t\t\t\t<div class=\"elementor-widget-container\">\n\t\t\t\t\t\t\t\t\t<p><strong>Kian Group \u0130\u00e7 ve D\u0131\u015f Ticaret Limited \u015eirketi<\/strong> has swiftly established itself as a key player in the procurement and logistics of specialized gases, including Iso-Butane, sourced directly from the finest Iranian refineries. Our operations are anchored by a strong partnership with our private refinery in Yazd, ensuring that we deliver only the highest quality products to our clients.<\/p><p>As the official representative of <strong>Kian Petroleum<\/strong> in Iran, we take pride in managing a dedicated logistics fleet that guarantees a streamlined supply chain, from production at the refinery to the final delivery at your doorstep. Our focus on quality and reliability underscores our commitment to meeting the unique demands of various industries that rely on these critical gases.<\/p><p>Founded on March 16, 2020, with registration number 300310-5, and headquartered in the strategically located Maslak district of Istanbul, <strong>Kian Group<\/strong> symbolizes innovation and excellence in the energy trade sector. Our mission is to consistently exceed customer expectations by delivering superior products and services, ensuring that your industrial operations never face disruptions due to supply issues.<\/p><p>We invite you to connect with us for detailed inquiries and to explore potential collaborations. When you partner with Kian Group, you are choosing a company that is as invested in your success as you are. We are here to support your business with our expertise, reliability, and dedication to service.<\/p><p>At <strong>Kian Group<\/strong>, your business drives our passion for excellence<\/p>\t\t\t\t\t\t\t\t<\/div>\n\t\t\t\t<\/div>\n\t\t\t\t\t<\/div>\n\t\t\t\t<\/div>\n\t\t\t\t<\/div>\n\t\t","protected":false},"excerpt":{"rendered":"<p>About us Kian Group \u0130\u00e7 ve D\u0131\u015f Ticaret Limited \u015eirketi has swiftly established itself as a key player in the procurement and logistics of specialized gases, including Iso-Butane, sourced directly from the finest Iranian refineries. Our operations are anchored by a strong partnership with our private refinery in Yazd, ensuring that we deliver only the [&hellip;]<\/p>\n","protected":false},"author":1,"featured_media":0,"parent":0,"menu_order":0,"comment_status":"closed","ping_status":"closed","template":"","meta":{"footnotes":""},"class_list":["post-148","page","type-page","status-publish","hentry"],"_links":{"self":[{"href":"https:\/\/kiangroup.co.com\/en\/wp-json\/wp\/v2\/pages\/148","targetHints":{"allow":["GET"]}}],"collection":[{"href":"https:\/\/kiangroup.co.com\/en\/wp-json\/wp\/v2\/pages"}],"about":[{"href":"https:\/\/kiangroup.co.com\/en\/wp-json\/wp\/v2\/types\/page"}],"author":[{"embeddable":true,"href":"https:\/\/kiangroup.co.com\/en\/wp-json\/wp\/v2\/users\/1"}],"replies":[{"embeddable":true,"href":"https:\/\/kiangroup.co.com\/en\/wp-json\/wp\/v2\/comments?post=148"}],"version-history":[{"count":10,"href":"https:\/\/kiangroup.co.com\/en\/wp-json\/wp\/v2\/pages\/148\/revisions"}],"predecessor-version":[{"id":435,"href":"https:\/\/kiangroup.co.com\/en\/wp-json\/wp\/v2\/pages\/148\/revisions\/435"}],"wp:attachment":[{"href":"https:\/\/kiangroup.co.com\/en\/wp-json\/wp\/v2\/media?parent=148"}],"curies":[{"name":"wp","href":"https:\/\/api.w.org\/{rel}","templated":true}]}}